{"id":21,"date":"2023-10-07T11:14:06","date_gmt":"2023-10-07T14:14:06","guid":{"rendered":"https:\/\/cabraltexconfeccoes.com\/?page_id=21"},"modified":"2023-10-07T20:38:02","modified_gmt":"2023-10-07T23:38:02","slug":"home","status":"publish","type":"page","link":"https:\/\/cabraltexconfeccoes.com\/","title":{"rendered":"Home"},"content":{"rendered":"\t\t<div data-elementor-type=\"wp-page\" data-elementor-id=\"21\" class=\"elementor elementor-21\" data-elementor-post-type=\"page\">\n\t\t\t\t\t\t\t<div class=\"elementor-element elementor-element-4fd1cb2 e-flex e-con-boxed e-con e-parent\" data-id=\"4fd1cb2\" data-element_type=\"container\" data-settings=\"{&quot;background_background&quot;:&quot;video&quot;,&quot;background_video_link&quot;:&quot;http:\\\/\\\/cabraltexconfeccoes.com\\\/wp-content\\\/uploads\\\/2023\\\/10\\\/logocabral-1.mp4&quot;,&quot;background_play_on_mobile&quot;:&quot;yes&quot;,&quot;content_width&quot;:&quot;boxed&quot;}\" data-core-v316-plus=\"true\">\n\t\t\t\t\t<div class=\"e-con-inner\">\n\t\t<div class=\"elementor-background-video-container\">\n\t\t\t\t\t\t\t<video class=\"elementor-background-video-hosted elementor-html5-video\" autoplay muted playsinline loop><\/video>\n\t\t\t\t\t<\/div>\t\t\t<\/div>\n\t\t\t\t<\/div>\n\t\t<div class=\"elementor-element elementor-element-9476a4b e-flex e-con-boxed e-con e-parent\" data-id=\"9476a4b\" data-element_type=\"container\" data-settings=\"{&quot;background_background&quot;:&quot;classic&quot;,&quot;content_width&quot;:&quot;boxed&quot;}\" data-core-v316-plus=\"true\">\n\t\t\t\t\t<div class=\"e-con-inner\">\n\t\t\t\t<div class=\"elementor-element elementor-element-25fb0f8 elementor-widget elementor-widget-heading\" data-id=\"25fb0f8\" data-element_type=\"widget\" data-widget_type=\"heading.default\">\n\t\t\t\t<div class=\"elementor-widget-container\">\n\t\t\t<style>\/*! elementor - v3.16.0 - 20-09-2023 *\/\n.elementor-heading-title{padding:0;margin:0;line-height:1}.elementor-widget-heading .elementor-heading-title[class*=elementor-size-]>a{color:inherit;font-size:inherit;line-height:inherit}.elementor-widget-heading .elementor-heading-title.elementor-size-small{font-size:15px}.elementor-widget-heading .elementor-heading-title.elementor-size-medium{font-size:19px}.elementor-widget-heading .elementor-heading-title.elementor-size-large{font-size:29px}.elementor-widget-heading .elementor-heading-title.elementor-size-xl{font-size:39px}.elementor-widget-heading .elementor-heading-title.elementor-size-xxl{font-size:59px}<\/style><h2 class=\"elementor-heading-title elementor-size-default\">Alguns de Nossos Produtos <\/h2>\t\t<\/div>\n\t\t\t\t<\/div>\n\t\t\t\t<div class=\"elementor-element elementor-element-4d9f110 elementor-grid-mobile-1 elementor-product-loop-item--align-left elementor-widget-mobile__width-inherit elementor-grid-4 elementor-grid-tablet-3 elementor-products-grid elementor-wc-products elementor-widget elementor-widget-woocommerce-products\" data-id=\"4d9f110\" data-element_type=\"widget\" data-widget_type=\"woocommerce-products.default\">\n\t\t\t\t<div class=\"elementor-widget-container\">\n\t\t\t<link rel=\"stylesheet\" href=\"https:\/\/cabraltexconfeccoes.com\/wp-content\/plugins\/elementor-pro\/assets\/css\/widget-woocommerce.min.css\"><div class=\"woocommerce columns-4 \"><ul class=\"products elementor-grid columns-4\">\n<li class=\"product type-product post-1694 status-publish first instock product_cat-uncategorized has-post-thumbnail shipping-taxable purchasable product-type-variable\">\n\t<\/li>\n<li class=\"product type-product post-1653 status-publish instock product_cat-uncategorized has-post-thumbnail shipping-taxable purchasable product-type-variable\">\n\t<\/li>\n<li class=\"product type-product post-1640 status-publish instock product_cat-uncategorized has-post-thumbnail shipping-taxable purchasable product-type-variable\">\n\t<\/li>\n<li class=\"product type-product post-1602 status-publish last instock product_cat-uncategorized has-post-thumbnail shipping-taxable purchasable product-type-variable\">\n\t<\/li>\n<li class=\"product type-product post-1576 status-publish first instock product_cat-uncategorized has-post-thumbnail shipping-taxable purchasable product-type-variable\">\n\t<\/li>\n<li class=\"product type-product post-1536 status-publish instock product_cat-uncategorized has-post-thumbnail shipping-taxable purchasable product-type-variable\">\n\t<\/li>\n<li class=\"product type-product post-1516 status-publish instock product_cat-uncategorized has-post-thumbnail shipping-taxable purchasable product-type-variable\">\n\t<\/li>\n<li class=\"product type-product post-1480 status-publish last instock product_cat-uncategorized has-post-thumbnail shipping-taxable purchasable product-type-variable\">\n\t<\/li>\n<\/ul>\n<\/div>\t\t<\/div>\n\t\t\t\t<\/div>\n\t\t\t\t\t<\/div>\n\t\t\t\t<\/div>\n\t\t<div class=\"elementor-element elementor-element-4da368e e-flex e-con-boxed e-con e-parent\" data-id=\"4da368e\" data-element_type=\"container\" data-settings=\"{&quot;background_background&quot;:&quot;classic&quot;,&quot;content_width&quot;:&quot;boxed&quot;}\" data-core-v316-plus=\"true\">\n\t\t\t\t\t<div class=\"e-con-inner\">\n\t\t\t\t<div class=\"elementor-element elementor-element-78c64e9 elementor-widget elementor-widget-text-editor\" data-id=\"78c64e9\" data-element_type=\"widget\" data-widget_type=\"text-editor.default\">\n\t\t\t\t<div class=\"elementor-widget-container\">\n\t\t\t<style>\/*! elementor - v3.16.0 - 20-09-2023 *\/\n.elementor-widget-text-editor.elementor-drop-cap-view-stacked .elementor-drop-cap{background-color:#69727d;color:#fff}.elementor-widget-text-editor.elementor-drop-cap-view-framed .elementor-drop-cap{color:#69727d;border:3px solid;background-color:transparent}.elementor-widget-text-editor:not(.elementor-drop-cap-view-default) .elementor-drop-cap{margin-top:8px}.elementor-widget-text-editor:not(.elementor-drop-cap-view-default) .elementor-drop-cap-letter{width:1em;height:1em}.elementor-widget-text-editor .elementor-drop-cap{float:left;text-align:center;line-height:1;font-size:50px}.elementor-widget-text-editor .elementor-drop-cap-letter{display:inline-block}<\/style>\t\t\t\t<p><strong>Nossa Hist\u00f3ria<\/strong><\/p><p>A CabralTex Confec\u00e7\u00f5es \u00e9 a materializa\u00e7\u00e3o de uma vis\u00e3o apaixonada por moda, qualidade e eleg\u00e2ncia. Desde sua origem, a empresa foi fundada sobre o compromisso de tornar a moda acess\u00edvel sem comprometer a qualidade. A jornada come\u00e7ou com a determina\u00e7\u00e3o de criar pe\u00e7as excepcionais que transmitissem confian\u00e7a e estilo a cada cliente.<\/p><p>Os primeiros passos foram singelos, mas com a determina\u00e7\u00e3o incans\u00e1vel e um compromisso inabal\u00e1vel com a excel\u00eancia, a CabralTex Confec\u00e7\u00f5es estabeleceu uma s\u00f3lida reputa\u00e7\u00e3o no universo t\u00eaxtil. Parcerias estrat\u00e9gicas com fornecedores confi\u00e1veis foram fundamentais para esse sucesso.<\/p><p>Hoje, a CabralTex Confec\u00e7\u00f5es \u00e9 amplamente reconhecida por sua produ\u00e7\u00e3o de roupas de alta qualidade e tecidos sofisticados. Cada item em nosso cat\u00e1logo reflete a paix\u00e3o da empresa pela moda e a busca incessante pela qualidade.<\/p><p>Nossa jornada est\u00e1 longe de terminar. Continuamos a inovar e aprimorar nossa oferta, concentrando-nos nos valores fundamentais que nos guiaram desde o in\u00edcio: qualidade, estilo e satisfa\u00e7\u00e3o do cliente. Convidamos voc\u00ea a se juntar a n\u00f3s nesta empolgante jornada da moda, onde cada pe\u00e7a conta uma hist\u00f3ria de eleg\u00e2ncia.<\/p>\t\t\t\t\t\t<\/div>\n\t\t\t\t<\/div>\n\t\t\t\t\t<\/div>\n\t\t\t\t<\/div>\n\t\t<div class=\"elementor-element elementor-element-987fae4 e-con-full e-flex e-con e-parent\" data-id=\"987fae4\" data-element_type=\"container\" data-settings=\"{&quot;content_width&quot;:&quot;full&quot;,&quot;background_background&quot;:&quot;classic&quot;}\" data-core-v316-plus=\"true\">\n\t\t\t\t<div class=\"elementor-element elementor-element-28d1d34 elementor-widget elementor-widget-heading\" data-id=\"28d1d34\" data-element_type=\"widget\" data-widget_type=\"heading.default\">\n\t\t\t\t<div class=\"elementor-widget-container\">\n\t\t\t<h2 class=\"elementor-heading-title elementor-size-default\">Moda que te Define!<\/h2>\t\t<\/div>\n\t\t\t\t<\/div>\n\t\t\t\t<div class=\"elementor-element elementor-element-3672eb0 elementor-widget elementor-widget-heading\" data-id=\"3672eb0\" data-element_type=\"widget\" data-widget_type=\"heading.default\">\n\t\t\t\t<div class=\"elementor-widget-container\">\n\t\t\t<h2 class=\"elementor-heading-title elementor-size-default\">Descubra a moda que \u00e9 feita para voc\u00ea. Explore nosso cat\u00e1logo agora!<\/h2>\t\t<\/div>\n\t\t\t\t<\/div>\n\t\t\t\t<div class=\"elementor-element elementor-element-cc1b0e6 elementor-align-center elementor-widget elementor-widget-button\" data-id=\"cc1b0e6\" data-element_type=\"widget\" data-widget_type=\"button.default\">\n\t\t\t\t<div class=\"elementor-widget-container\">\n\t\t\t\t\t<div class=\"elementor-button-wrapper\">\n\t\t\t<a class=\"elementor-button elementor-button-link elementor-size-sm\" href=\"#\">\n\t\t\t\t\t\t<span class=\"elementor-button-content-wrapper\">\n\t\t\t\t\t\t<span class=\"elementor-button-text\">Compre agora!<\/span>\n\t\t<\/span>\n\t\t\t\t\t<\/a>\n\t\t<\/div>\n\t\t\t\t<\/div>\n\t\t\t\t<\/div>\n\t\t\t\t<\/div>\n\t\t<div class=\"elementor-element elementor-element-f9f73b0 e-con-full e-flex e-con e-parent\" data-id=\"f9f73b0\" data-element_type=\"container\" data-settings=\"{&quot;content_width&quot;:&quot;full&quot;}\" data-core-v316-plus=\"true\">\n\t\t<div class=\"elementor-element elementor-element-60331eb e-con-full e-flex e-con e-child\" data-id=\"60331eb\" data-element_type=\"container\" data-settings=\"{&quot;content_width&quot;:&quot;full&quot;,&quot;background_background&quot;:&quot;classic&quot;}\">\n\t\t<div class=\"elementor-element elementor-element-92f4f40 e-flex e-con-boxed e-con e-child\" data-id=\"92f4f40\" data-element_type=\"container\" data-settings=\"{&quot;content_width&quot;:&quot;boxed&quot;}\">\n\t\t\t\t\t<div class=\"e-con-inner\">\n\t\t\t\t<div class=\"elementor-element elementor-element-3be782f elementor-widget elementor-widget-text-editor\" data-id=\"3be782f\" data-element_type=\"widget\" data-widget_type=\"text-editor.default\">\n\t\t\t\t<div class=\"elementor-widget-container\">\n\t\t\t\t\t\t\t<p>Rua Impata &#8211; S\u00e3o Paulo<\/p><p>Contato@cabraltexconfeccoes.com<\/p><p><strong>CABRAL TRADING PARTICIPACOES E COMERCIO LTDA<\/strong><\/p><p>32.022.031\/0001-30<\/p>\t\t\t\t\t\t<\/div>\n\t\t\t\t<\/div>\n\t\t\t\t\t<\/div>\n\t\t\t\t<\/div>\n\t\t\t\t<\/div>\n\t\t<div class=\"elementor-element elementor-element-0e40492 e-con-full e-flex e-con e-child\" data-id=\"0e40492\" data-element_type=\"container\" data-settings=\"{&quot;content_width&quot;:&quot;full&quot;}\">\n\t\t\t\t<div class=\"elementor-element elementor-element-f14844b elementor-widget elementor-widget-google_maps\" data-id=\"f14844b\" data-element_type=\"widget\" data-widget_type=\"google_maps.default\">\n\t\t\t\t<div class=\"elementor-widget-container\">\n\t\t\t<style>\/*! elementor - v3.16.0 - 20-09-2023 *\/\n.elementor-widget-google_maps .elementor-widget-container{overflow:hidden}.elementor-widget-google_maps .elementor-custom-embed{line-height:0}.elementor-widget-google_maps iframe{height:300px}<\/style>\t\t<div class=\"elementor-custom-embed\">\n\t\t\t<iframe loading=\"lazy\"\n\t\t\t\t\tsrc=\"https:\/\/maps.google.com\/maps?q=Rua%20Impata&#038;t=m&#038;z=13&#038;output=embed&#038;iwloc=near\"\n\t\t\t\t\ttitle=\"Rua Impata\"\n\t\t\t\t\taria-label=\"Rua Impata\"\n\t\t\t><\/iframe>\n\t\t<\/div>\n\t\t\t\t<\/div>\n\t\t\t\t<\/div>\n\t\t\t\t<\/div>\n\t\t\t\t<\/div>\n\t\t\t\t\t\t\t<\/div>\n\t\t","protected":false},"excerpt":{"rendered":"<p>Alguns de Nossos Produtos Nossa Hist\u00f3ria A CabralTex Confec\u00e7\u00f5es \u00e9 a materializa\u00e7\u00e3o de uma vis\u00e3o apaixonada por moda, qualidade e eleg\u00e2ncia. Desde sua origem, a empresa foi fundada sobre o compromisso de tornar a moda acess\u00edvel sem comprometer a qualidade. A jornada come\u00e7ou com a determina\u00e7\u00e3o de criar pe\u00e7as excepcionais que transmitissem confian\u00e7a e estilo [&hellip;]<\/p>\n","protected":false},"author":1,"featured_media":0,"parent":0,"menu_order":0,"comment_status":"closed","ping_status":"closed","template":"elementor_header_footer","meta":{"footnotes":""},"aioseo_notices":[],"_links":{"self":[{"href":"https:\/\/cabraltexconfeccoes.com\/index.php\/wp-json\/wp\/v2\/pages\/21"}],"collection":[{"href":"https:\/\/cabraltexconfeccoes.com\/index.php\/wp-json\/wp\/v2\/pages"}],"about":[{"href":"https:\/\/cabraltexconfeccoes.com\/index.php\/wp-json\/wp\/v2\/types\/page"}],"author":[{"embeddable":true,"href":"https:\/\/cabraltexconfeccoes.com\/index.php\/wp-json\/wp\/v2\/users\/1"}],"replies":[{"embeddable":true,"href":"https:\/\/cabraltexconfeccoes.com\/index.php\/wp-json\/wp\/v2\/comments?post=21"}],"version-history":[{"count":34,"href":"https:\/\/cabraltexconfeccoes.com\/index.php\/wp-json\/wp\/v2\/pages\/21\/revisions"}],"predecessor-version":[{"id":2108,"href":"https:\/\/cabraltexconfeccoes.com\/index.php\/wp-json\/wp\/v2\/pages\/21\/revisions\/2108"}],"wp:attachment":[{"href":"https:\/\/cabraltexconfeccoes.com\/index.php\/wp-json\/wp\/v2\/media?parent=21"}],"curies":[{"name":"wp","href":"https:\/\/api.w.org\/{rel}","templated":true}]}}