{"id":39,"date":"2023-10-07T11:50:15","date_gmt":"2023-10-07T14:50:15","guid":{"rendered":"https:\/\/cabraltexconfeccoes.com\/?page_id=39"},"modified":"2023-10-07T11:56:56","modified_gmt":"2023-10-07T14:56:56","slug":"sobre-nos","status":"publish","type":"page","link":"https:\/\/cabraltexconfeccoes.com\/index.php\/sobre-nos\/","title":{"rendered":"Sobre n\u00f3s"},"content":{"rendered":"\t\t<div data-elementor-type=\"wp-page\" data-elementor-id=\"39\" class=\"elementor elementor-39\" data-elementor-post-type=\"page\">\n\t\t\t\t\t\t\t<div class=\"elementor-element elementor-element-106399a e-flex e-con-boxed e-con e-parent\" data-id=\"106399a\" data-element_type=\"container\" data-settings=\"{&quot;background_background&quot;:&quot;classic&quot;,&quot;content_width&quot;:&quot;boxed&quot;}\" data-core-v316-plus=\"true\">\n\t\t\t\t\t<div class=\"e-con-inner\">\n\t\t\t\t<div class=\"elementor-element elementor-element-a286c52 elementor-widget elementor-widget-text-editor\" data-id=\"a286c52\" data-element_type=\"widget\" data-widget_type=\"text-editor.default\">\n\t\t\t\t<div class=\"elementor-widget-container\">\n\t\t\t<style>\/*! elementor - v3.16.0 - 20-09-2023 *\/\n.elementor-widget-text-editor.elementor-drop-cap-view-stacked .elementor-drop-cap{background-color:#69727d;color:#fff}.elementor-widget-text-editor.elementor-drop-cap-view-framed .elementor-drop-cap{color:#69727d;border:3px solid;background-color:transparent}.elementor-widget-text-editor:not(.elementor-drop-cap-view-default) .elementor-drop-cap{margin-top:8px}.elementor-widget-text-editor:not(.elementor-drop-cap-view-default) .elementor-drop-cap-letter{width:1em;height:1em}.elementor-widget-text-editor .elementor-drop-cap{float:left;text-align:center;line-height:1;font-size:50px}.elementor-widget-text-editor .elementor-drop-cap-letter{display:inline-block}<\/style>\t\t\t\t<p><strong>Sobre N\u00f3s<\/strong><\/p><p>A CabralTex Confec\u00e7\u00f5es \u00e9 uma empresa apaixonada pelo mundo da moda e comprometida em oferecer roupas de alta qualidade e tecidos excepcionais. Desde o nosso in\u00edcio, nossa miss\u00e3o tem sido clara: proporcionar moda acess\u00edvel sem comprometer a qualidade.<\/p><p>Nossa jornada come\u00e7ou com uma vis\u00e3o simples, mas ambiciosa. Acreditamos que roupas elegantes e de qualidade deveriam estar ao alcance de todos. Atrav\u00e9s de anos de dedica\u00e7\u00e3o e compromisso com a excel\u00eancia, constru\u00edmos uma s\u00f3lida reputa\u00e7\u00e3o no setor t\u00eaxtil.<\/p><p>Hoje, a CabralTex Confec\u00e7\u00f5es \u00e9 uma refer\u00eancia no mercado, conhecida por nossas roupas de alta qualidade e tecidos sofisticados. Cada pe\u00e7a em nosso cat\u00e1logo \u00e9 cuidadosamente selecionada e produzida para transmitir confian\u00e7a e estilo aos nossos clientes.<\/p><p>Nossa equipe \u00e9 formada por profissionais talentosos que compartilham nossa paix\u00e3o pela moda. Estamos comprometidos em fornecer um atendimento excepcional e orienta\u00e7\u00e3o especializada para ajudar voc\u00ea a encontrar as melhores escolhas de moda.<\/p><p>Continuamos a evoluir e aprimorar nossa oferta, sempre mantendo nosso compromisso com a qualidade e a satisfa\u00e7\u00e3o do cliente no centro de tudo o que fazemos. Convidamos voc\u00ea a fazer parte da nossa jornada e a descobrir a eleg\u00e2ncia que cada pe\u00e7a da CabralTex Confec\u00e7\u00f5es tem a oferecer.<\/p>\t\t\t\t\t\t<\/div>\n\t\t\t\t<\/div>\n\t\t\t\t\t<\/div>\n\t\t\t\t<\/div>\n\t\t\t\t\t\t\t<\/div>\n\t\t","protected":false},"excerpt":{"rendered":"<p>Sobre N\u00f3s A CabralTex Confec\u00e7\u00f5es \u00e9 uma empresa apaixonada pelo mundo da moda e comprometida em oferecer roupas de alta qualidade e tecidos excepcionais. Desde o nosso in\u00edcio, nossa miss\u00e3o tem sido clara: proporcionar moda acess\u00edvel sem comprometer a qualidade. Nossa jornada come\u00e7ou com uma vis\u00e3o simples, mas ambiciosa. Acreditamos que roupas elegantes e de [&hellip;]<\/p>\n","protected":false},"author":1,"featured_media":0,"parent":0,"menu_order":0,"comment_status":"closed","ping_status":"closed","template":"elementor_header_footer","meta":{"footnotes":""},"aioseo_notices":[],"_links":{"self":[{"href":"https:\/\/cabraltexconfeccoes.com\/index.php\/wp-json\/wp\/v2\/pages\/39"}],"collection":[{"href":"https:\/\/cabraltexconfeccoes.com\/index.php\/wp-json\/wp\/v2\/pages"}],"about":[{"href":"https:\/\/cabraltexconfeccoes.com\/index.php\/wp-json\/wp\/v2\/types\/page"}],"author":[{"embeddable":true,"href":"https:\/\/cabraltexconfeccoes.com\/index.php\/wp-json\/wp\/v2\/users\/1"}],"replies":[{"embeddable":true,"href":"https:\/\/cabraltexconfeccoes.com\/index.php\/wp-json\/wp\/v2\/comments?post=39"}],"version-history":[{"count":7,"href":"https:\/\/cabraltexconfeccoes.com\/index.php\/wp-json\/wp\/v2\/pages\/39\/revisions"}],"predecessor-version":[{"id":47,"href":"https:\/\/cabraltexconfeccoes.com\/index.php\/wp-json\/wp\/v2\/pages\/39\/revisions\/47"}],"wp:attachment":[{"href":"https:\/\/cabraltexconfeccoes.com\/index.php\/wp-json\/wp\/v2\/media?parent=39"}],"curies":[{"name":"wp","href":"https:\/\/api.w.org\/{rel}","templated":true}]}}